{"id":31,"date":"2012-10-23T09:26:16","date_gmt":"2012-10-23T07:26:16","guid":{"rendered":"http:\/\/www.herbstsalon.com\/?page_id=31"},"modified":"2019-02-25T23:18:34","modified_gmt":"2019-02-25T21:18:34","slug":"ausstellungen","status":"publish","type":"page","link":"http:\/\/herbstsalon.at\/?page_id=31","title":{"rendered":"Herbstsalon bisher"},"content":{"rendered":"<p><img loading=\"lazy\" class=\"alignnone size-full wp-image-381\" title=\"nivosliderdemo01\" src=\"http:\/\/www.herbstsalon.at\/wp-content\/uploads\/2012\/10\/nivosliderdemo01.jpg\" alt=\"\" width=\"480\" height=\"231\" srcset=\"http:\/\/herbstsalon.at\/wp-content\/uploads\/2012\/10\/nivosliderdemo01.jpg 480w, http:\/\/herbstsalon.at\/wp-content\/uploads\/2012\/10\/nivosliderdemo01-300x144.jpg 300w\" sizes=\"(max-width: 480px) 100vw, 480px\" \/><\/p>\n<p>Bitte w\u00e4hlen Sie aus dem Men\u00fc, um sich \u00fcber vergangene Ausstellungen und die bisherigen K\u00fcnstlerInnen des Herbstsalons zu informieren \u2026<\/p>\n","protected":false},"excerpt":{"rendered":"<p>Bitte w\u00e4hlen Sie aus dem Men\u00fc, um sich \u00fcber vergangene Ausstellungen und die bisherigen K\u00fcnstlerInnen des Herbstsalons zu informieren \u2026<\/p>\n","protected":false},"author":2,"featured_media":0,"parent":0,"menu_order":0,"comment_status":"closed","ping_status":"closed","template":"sidebar-page.php","meta":[],"_links":{"self":[{"href":"http:\/\/herbstsalon.at\/index.php?rest_route=\/wp\/v2\/pages\/31"}],"collection":[{"href":"http:\/\/herbstsalon.at\/index.php?rest_route=\/wp\/v2\/pages"}],"about":[{"href":"http:\/\/herbstsalon.at\/index.php?rest_route=\/wp\/v2\/types\/page"}],"author":[{"embeddable":true,"href":"http:\/\/herbstsalon.at\/index.php?rest_route=\/wp\/v2\/users\/2"}],"replies":[{"embeddable":true,"href":"http:\/\/herbstsalon.at\/index.php?rest_route=%2Fwp%2Fv2%2Fcomments&post=31"}],"version-history":[{"count":22,"href":"http:\/\/herbstsalon.at\/index.php?rest_route=\/wp\/v2\/pages\/31\/revisions"}],"predecessor-version":[{"id":1918,"href":"http:\/\/herbstsalon.at\/index.php?rest_route=\/wp\/v2\/pages\/31\/revisions\/1918"}],"wp:attachment":[{"href":"http:\/\/herbstsalon.at\/index.php?rest_route=%2Fwp%2Fv2%2Fmedia&parent=31"}],"curies":[{"name":"wp","href":"https:\/\/api.w.org\/{rel}","templated":true}]}}